{"id":1636,"date":"2022-12-12T07:28:32","date_gmt":"2022-12-12T06:28:32","guid":{"rendered":"https:\/\/adrianavancova.eu\/?page_id=1636"},"modified":"2024-12-11T03:15:10","modified_gmt":"2024-12-11T02:15:10","slug":"portfolko","status":"publish","type":"page","link":"https:\/\/adrianavancova.eu\/?page_id=1636","title":{"rendered":"Portf\u00f3lio"},"content":{"rendered":"\n<div class=\"wp-block-columns is-layout-flex wp-container-core-columns-is-layout-28f84493 wp-block-columns-is-layout-flex\">\n<div class=\"wp-block-column is-layout-flow wp-block-column-is-layout-flow\">\n<div class=\"wp-block-columns is-layout-flex wp-container-core-columns-is-layout-28f84493 wp-block-columns-is-layout-flex\">\n<div class=\"wp-block-column is-layout-flow wp-block-column-is-layout-flow\" style=\"flex-basis:100%\">\n<div class=\"wp-block-cp-timeline-content-timeline Cool-Content-Timeline\" id=\"ux\"><div class=\"cool-timeline-block-ed930334-ce44-4fe2-9169-6070471f3a6c\"><style>.cool-timeline-block-ed930334-ce44-4fe2-9169-6070471f3a6c .cool-vertical-timeline-body{--ctlb-icon-color: #0b0c10;--ctlb-date-color: #d0d0d0;--ctlb-heading-color: #363636;--ctlb-sub-heading-color: #363636;--ctlb-line-color: #0792e3;--ctlb-icon-bg: #0792e3;--ctlb-story-border-color: #0792e3;}<\/style><div class=\"cool-vertical-timeline-body ctlb-wrapper both-sided left\"><div class=\"cool-timeline-block-list\">\n<div class=\"wp-block-cp-timeline-content-timeline-child swiper-slide\"><div class=\"timeline-content icon-true \"><div class=\"timeline-block-timeline ctl-row  position-right\"><div class=\"ctl-6 timeline-block-time\"><div class=\"story-time\"><p>2024<\/p><\/div><\/div><div class=\"timeline-block-icon\"><span class=\"timeline-block-render-icon\" style=\"fill:white\"><div class=\"iconpicker-item\" style=\"font-size:24px;color:white;padding:2px\"><svg stroke=\"currentColor\" fill=\"currentColor\" stroke-width=\"0\" viewBox=\"0 0 384 512\" height=\"1em\" width=\"1em\" xmlns=\"http:\/\/www.w3.org\/2000\/svg\"><path d=\"M202.021 0C122.202 0 70.503 32.703 29.914 91.026c-7.363 10.58-5.093 25.086 5.178 32.874l43.138 32.709c10.373 7.865 25.132 6.026 33.253-4.148 25.049-31.381 43.63-49.449 82.757-49.449 30.764 0 68.816 19.799 68.816 49.631 0 22.552-18.617 34.134-48.993 51.164-35.423 19.86-82.299 44.576-82.299 106.405V320c0 13.255 10.745 24 24 24h72.471c13.255 0 24-10.745 24-24v-5.773c0-42.86 125.268-44.645 125.268-160.627C377.504 66.256 286.902 0 202.021 0zM192 373.459c-38.196 0-69.271 31.075-69.271 69.271 0 38.195 31.075 69.27 69.271 69.27s69.271-31.075 69.271-69.271-31.075-69.27-69.271-69.27z\"><\/path><\/svg><\/div><\/span><\/div><div class=\"ctl-6 timeline-block-detail\"><div class=\"story-details\"><div class=\"story-content\">\n<figure class=\"wp-block-image size-large ctlb-block-image\"><img fetchpriority=\"high\" decoding=\"async\" width=\"1024\" height=\"576\" src=\"https:\/\/adrianavancova.eu\/wp-content\/uploads\/1729494826994-1024x576.png\" alt=\"\" class=\"wp-image-1960\" style=\"aspect-ratio:4\/3;object-fit:contain\" srcset=\"https:\/\/adrianavancova.eu\/wp-content\/uploads\/1729494826994-1024x576.png 1024w, https:\/\/adrianavancova.eu\/wp-content\/uploads\/1729494826994-300x169.png 300w, https:\/\/adrianavancova.eu\/wp-content\/uploads\/1729494826994-768x432.png 768w, https:\/\/adrianavancova.eu\/wp-content\/uploads\/1729494826994.png 1280w\" sizes=\"(max-width: 1024px) 100vw, 1024px\" \/><\/figure>\n\n\n\n<h3 class=\"wp-block-heading ctlb-block-title\" style=\"padding-top:0px;padding-right:0px;padding-bottom:0px;padding-left:0px\">Workshop: Za\u010dni s UX v\u00fdskumom<\/h3>\n\n\n\n<p class=\"ctlb-block-desc\" style=\"padding-top:0px;padding-right:0px;padding-bottom:0px;padding-left:0px\">V Nitre sme s kolegy\u0148ou in\u0161pirovali \u00fa\u010dastn\u00edkov, aby objavili v\u00fdznam a potenci\u00e1l UX v\u00fdskumu.<\/p>\n<\/div><\/div><\/div><\/div><\/div><\/div>\n\n\n\n<div class=\"wp-block-cp-timeline-content-timeline-child swiper-slide\"><div class=\"timeline-content icon-true \"><div class=\"timeline-block-timeline ctl-row  position-left\"><div class=\"ctl-6 timeline-block-time\"><div class=\"story-time\"><p>2024<\/p><\/div><\/div><div class=\"timeline-block-icon\"><span class=\"timeline-block-render-icon\" style=\"fill:white\"><div class=\"iconpicker-item\" style=\"font-size:24px;color:white;padding:2px\"><svg stroke=\"currentColor\" fill=\"currentColor\" stroke-width=\"0\" viewBox=\"0 0 384 512\" height=\"1em\" width=\"1em\" xmlns=\"http:\/\/www.w3.org\/2000\/svg\"><path d=\"M202.021 0C122.202 0 70.503 32.703 29.914 91.026c-7.363 10.58-5.093 25.086 5.178 32.874l43.138 32.709c10.373 7.865 25.132 6.026 33.253-4.148 25.049-31.381 43.63-49.449 82.757-49.449 30.764 0 68.816 19.799 68.816 49.631 0 22.552-18.617 34.134-48.993 51.164-35.423 19.86-82.299 44.576-82.299 106.405V320c0 13.255 10.745 24 24 24h72.471c13.255 0 24-10.745 24-24v-5.773c0-42.86 125.268-44.645 125.268-160.627C377.504 66.256 286.902 0 202.021 0zM192 373.459c-38.196 0-69.271 31.075-69.271 69.271 0 38.195 31.075 69.27 69.271 69.27s69.271-31.075 69.271-69.271-31.075-69.27-69.271-69.27z\"><\/path><\/svg><\/div><\/span><\/div><div class=\"ctl-6 timeline-block-detail\"><div class=\"story-details\"><div class=\"story-content\">\n<figure class=\"wp-block-image size-large ctlb-block-image\"><img decoding=\"async\" width=\"1024\" height=\"1024\" src=\"https:\/\/adrianavancova.eu\/wp-content\/uploads\/1713990429185-1024x1024.jpeg\" alt=\"\" class=\"wp-image-1961\" style=\"aspect-ratio:4\/3;object-fit:contain\" srcset=\"https:\/\/adrianavancova.eu\/wp-content\/uploads\/1713990429185-1024x1024.jpeg 1024w, https:\/\/adrianavancova.eu\/wp-content\/uploads\/1713990429185-300x300.jpeg 300w, https:\/\/adrianavancova.eu\/wp-content\/uploads\/1713990429185-150x150.jpeg 150w, https:\/\/adrianavancova.eu\/wp-content\/uploads\/1713990429185-768x768.jpeg 768w, https:\/\/adrianavancova.eu\/wp-content\/uploads\/1713990429185.jpeg 1440w\" sizes=\"(max-width: 1024px) 100vw, 1024px\" \/><\/figure>\n\n\n\n<h3 class=\"wp-block-heading ctlb-block-title\" style=\"padding-top:0px;padding-right:0px;padding-bottom:0px;padding-left:0px\">Girls Day 2024<\/h3>\n\n\n\n<p class=\"ctlb-block-desc\" style=\"padding-top:0px;padding-right:0px;padding-bottom:0px;padding-left:0px\">V spolupr\u00e1ci s AjTyvIT sme s t\u00edmom UX Forum pootvorili dvere do sveta dizajnu skupine stredo\u0161kol\u00e1\u010dok.<\/p>\n<\/div><\/div><\/div><\/div><\/div><\/div>\n\n\n\n<div class=\"wp-block-cp-timeline-content-timeline-child swiper-slide\"><div class=\"timeline-content icon-true \"><div class=\"timeline-block-timeline ctl-row  position-right\"><div class=\"ctl-6 timeline-block-time\"><div class=\"story-time\"><p>2023 &#8211; 2024<\/p><\/div><\/div><div class=\"timeline-block-icon\"><span class=\"timeline-block-render-icon\" style=\"fill:white\"><div class=\"iconpicker-item\" style=\"font-size:24px;color:white;padding:2px\"><svg stroke=\"currentColor\" fill=\"currentColor\" stroke-width=\"0\" viewBox=\"0 0 384 512\" height=\"1em\" width=\"1em\" xmlns=\"http:\/\/www.w3.org\/2000\/svg\"><path d=\"M202.021 0C122.202 0 70.503 32.703 29.914 91.026c-7.363 10.58-5.093 25.086 5.178 32.874l43.138 32.709c10.373 7.865 25.132 6.026 33.253-4.148 25.049-31.381 43.63-49.449 82.757-49.449 30.764 0 68.816 19.799 68.816 49.631 0 22.552-18.617 34.134-48.993 51.164-35.423 19.86-82.299 44.576-82.299 106.405V320c0 13.255 10.745 24 24 24h72.471c13.255 0 24-10.745 24-24v-5.773c0-42.86 125.268-44.645 125.268-160.627C377.504 66.256 286.902 0 202.021 0zM192 373.459c-38.196 0-69.271 31.075-69.271 69.271 0 38.195 31.075 69.27 69.271 69.27s69.271-31.075 69.271-69.271-31.075-69.27-69.271-69.27z\"><\/path><\/svg><\/div><\/span><\/div><div class=\"ctl-6 timeline-block-detail\"><div class=\"story-details\"><div class=\"story-content\">\n<figure class=\"wp-block-image size-large ctlb-block-image\"><img decoding=\"async\" width=\"1024\" height=\"486\" src=\"https:\/\/adrianavancova.eu\/wp-content\/uploads\/Mapovanie-sluz\u030cby-1024x486.png\" alt=\"Obr\u00e1zok mapovania slu\u017eby\" class=\"wp-image-1959\" style=\"aspect-ratio:4\/3;object-fit:contain\" srcset=\"https:\/\/adrianavancova.eu\/wp-content\/uploads\/Mapovanie-sluz\u030cby-1024x486.png 1024w, https:\/\/adrianavancova.eu\/wp-content\/uploads\/Mapovanie-sluz\u030cby-300x142.png 300w, https:\/\/adrianavancova.eu\/wp-content\/uploads\/Mapovanie-sluz\u030cby-768x365.png 768w, https:\/\/adrianavancova.eu\/wp-content\/uploads\/Mapovanie-sluz\u030cby-1536x729.png 1536w, https:\/\/adrianavancova.eu\/wp-content\/uploads\/Mapovanie-sluz\u030cby.png 1826w\" sizes=\"(max-width: 1024px) 100vw, 1024px\" \/><\/figure>\n\n\n\n<h3 class=\"wp-block-heading ctlb-block-title\" style=\"padding-top:0px;padding-right:0px;padding-bottom:0px;padding-left:0px\">Design webstr\u00e1nky pre neziskovky<\/h3>\n\n\n\n<p class=\"ctlb-block-desc\" style=\"padding-top:0px;padding-right:0px;padding-bottom:0px;padding-left:0px\">Projekt z kurzu Design Thinking na Masarykovej Univerzite.<\/p>\n<\/div><\/div><\/div><\/div><\/div><\/div>\n\n\n\n<div class=\"wp-block-cp-timeline-content-timeline-child swiper-slide\"><div class=\"timeline-content icon-true \"><div class=\"timeline-block-timeline ctl-row  position-left\"><div class=\"ctl-6 timeline-block-time\"><div class=\"story-time\"><p>2023 &#8211; s\u00fa\u010dasnos\u0165<\/p><\/div><\/div><div class=\"timeline-block-icon\"><span class=\"timeline-block-render-icon\" style=\"fill:white\"><div class=\"iconpicker-item\" style=\"font-size:24px;color:white;padding:2px\"><svg stroke=\"currentColor\" fill=\"currentColor\" stroke-width=\"0\" viewBox=\"0 0 384 512\" height=\"1em\" width=\"1em\" xmlns=\"http:\/\/www.w3.org\/2000\/svg\"><path d=\"M202.021 0C122.202 0 70.503 32.703 29.914 91.026c-7.363 10.58-5.093 25.086 5.178 32.874l43.138 32.709c10.373 7.865 25.132 6.026 33.253-4.148 25.049-31.381 43.63-49.449 82.757-49.449 30.764 0 68.816 19.799 68.816 49.631 0 22.552-18.617 34.134-48.993 51.164-35.423 19.86-82.299 44.576-82.299 106.405V320c0 13.255 10.745 24 24 24h72.471c13.255 0 24-10.745 24-24v-5.773c0-42.86 125.268-44.645 125.268-160.627C377.504 66.256 286.902 0 202.021 0zM192 373.459c-38.196 0-69.271 31.075-69.271 69.271 0 38.195 31.075 69.27 69.271 69.27s69.271-31.075 69.271-69.271-31.075-69.27-69.271-69.27z\"><\/path><\/svg><\/div><\/span><\/div><div class=\"ctl-6 timeline-block-detail\"><div class=\"story-details\"><div class=\"story-content\">\n<figure class=\"wp-block-image size-full ctlb-block-image\"><img loading=\"lazy\" decoding=\"async\" width=\"539\" height=\"404\" src=\"https:\/\/adrianavancova.eu\/wp-content\/uploads\/logo.jpg\" alt=\"\" class=\"wp-image-1962\" style=\"aspect-ratio:4\/3;object-fit:contain\" srcset=\"https:\/\/adrianavancova.eu\/wp-content\/uploads\/logo.jpg 539w, https:\/\/adrianavancova.eu\/wp-content\/uploads\/logo-300x225.jpg 300w\" sizes=\"(max-width: 539px) 100vw, 539px\" \/><\/figure>\n\n\n\n<h3 class=\"wp-block-heading ctlb-block-title\" style=\"padding-top:0px;padding-right:0px;padding-bottom:0px;padding-left:0px\">Profesia -> -> Alma Career<\/h3>\n\n\n\n<p class=\"ctlb-block-desc\" style=\"padding-top:0px;padding-right:0px;padding-bottom:0px;padding-left:0px\">V medzin\u00e1rodnom UX Research t\u00edme spolo\u010dne pracujeme na tom, aby sme prin\u00e1\u0161ali produkty, ktor\u00e9 zlep\u0161uj\u00fa svet pr\u00e1ce a odr\u00e1\u017eali potreby pou\u017e\u00edvate\u013eov.<\/p>\n<\/div><\/div><\/div><\/div><\/div><\/div>\n\n\n\n<div class=\"wp-block-cp-timeline-content-timeline-child swiper-slide\"><div class=\"timeline-content icon-true \"><div class=\"timeline-block-timeline ctl-row  position-right\"><div class=\"ctl-6 timeline-block-time\"><div class=\"story-time\"><p>2022<\/p><\/div><\/div><div class=\"timeline-block-icon\"><span class=\"timeline-block-render-icon\" style=\"fill:white\"><div class=\"iconpicker-item\" style=\"font-size:24px;color:white;padding:2px\"><svg stroke=\"currentColor\" fill=\"currentColor\" stroke-width=\"0\" viewBox=\"0 0 384 512\" height=\"1em\" width=\"1em\" xmlns=\"http:\/\/www.w3.org\/2000\/svg\"><path d=\"M202.021 0C122.202 0 70.503 32.703 29.914 91.026c-7.363 10.58-5.093 25.086 5.178 32.874l43.138 32.709c10.373 7.865 25.132 6.026 33.253-4.148 25.049-31.381 43.63-49.449 82.757-49.449 30.764 0 68.816 19.799 68.816 49.631 0 22.552-18.617 34.134-48.993 51.164-35.423 19.86-82.299 44.576-82.299 106.405V320c0 13.255 10.745 24 24 24h72.471c13.255 0 24-10.745 24-24v-5.773c0-42.86 125.268-44.645 125.268-160.627C377.504 66.256 286.902 0 202.021 0zM192 373.459c-38.196 0-69.271 31.075-69.271 69.271 0 38.195 31.075 69.27 69.271 69.27s69.271-31.075 69.271-69.271-31.075-69.27-69.271-69.27z\"><\/path><\/svg><\/div><\/span><\/div><div class=\"ctl-6 timeline-block-detail\"><div class=\"story-details\"><div class=\"story-content\">\n<figure class=\"wp-block-image ctlb-block-image\"><img decoding=\"async\" src=\"https:\/\/adrianavancova.eu\/wp-content\/uploads\/Group-2-3-300x175.png\" alt=\"\" style=\"aspect-ratio:4\/3;object-fit:contain\"\/><\/figure>\n\n\n\n<h3 class=\"wp-block-heading ctlb-block-title\" style=\"padding-top:0px;padding-right:0px;padding-bottom:0px;padding-left:0px\"><a href=\"https:\/\/adrianavancova.eu\/?p=1763\">N\u00e1vrh dizajnu pre Auto &#8211; Luta<\/a> <\/h3>\n\n\n\n<p class=\"ctlb-block-desc\" style=\"padding-top:0px;padding-right:0px;padding-bottom:0px;padding-left:0px\">Zn\u00e1mi ma poprosili, \u010di by som im pomohla s ich webstr\u00e1nkou.<\/p>\n<\/div><\/div><\/div><\/div><\/div><\/div>\n\n\n\n<div class=\"wp-block-cp-timeline-content-timeline-child swiper-slide\"><div class=\"timeline-content icon-true \"><div class=\"timeline-block-timeline ctl-row  position-left\"><div class=\"ctl-6 timeline-block-time\"><div class=\"story-time\"><p>2022<\/p><\/div><\/div><div class=\"timeline-block-icon\"><span class=\"timeline-block-render-icon\" style=\"fill:white\"><div class=\"iconpicker-item\" style=\"font-size:24px;color:white;padding:2px\"><svg stroke=\"currentColor\" fill=\"currentColor\" stroke-width=\"0\" viewBox=\"0 0 384 512\" height=\"1em\" width=\"1em\" xmlns=\"http:\/\/www.w3.org\/2000\/svg\"><path d=\"M202.021 0C122.202 0 70.503 32.703 29.914 91.026c-7.363 10.58-5.093 25.086 5.178 32.874l43.138 32.709c10.373 7.865 25.132 6.026 33.253-4.148 25.049-31.381 43.63-49.449 82.757-49.449 30.764 0 68.816 19.799 68.816 49.631 0 22.552-18.617 34.134-48.993 51.164-35.423 19.86-82.299 44.576-82.299 106.405V320c0 13.255 10.745 24 24 24h72.471c13.255 0 24-10.745 24-24v-5.773c0-42.86 125.268-44.645 125.268-160.627C377.504 66.256 286.902 0 202.021 0zM192 373.459c-38.196 0-69.271 31.075-69.271 69.271 0 38.195 31.075 69.27 69.271 69.27s69.271-31.075 69.271-69.271-31.075-69.27-69.271-69.27z\"><\/path><\/svg><\/div><\/span><\/div><div class=\"ctl-6 timeline-block-detail\"><div class=\"story-details\"><div class=\"story-content\">\n<figure class=\"wp-block-image ctlb-block-image\"><img decoding=\"async\" src=\"https:\/\/adrianavancova.eu\/wp-content\/uploads\/Group-3-300x147.png\" alt=\"\" style=\"aspect-ratio:4\/3;object-fit:contain\"\/><\/figure>\n\n\n\n<h3 class=\"wp-block-heading ctlb-block-title\" style=\"padding-top:0px;padding-right:0px;padding-bottom:0px;padding-left:0px\"><a href=\"https:\/\/adrianavancova.eu\/?p=1665\">Redizajn webstr\u00e1nky pre Imobilio o.z.<\/a> <\/h3>\n\n\n\n<p class=\"ctlb-block-desc\" style=\"padding-top:0px;padding-right:0px;padding-bottom:0px;padding-left:0px\">Dohodla som sa na spolupr\u00e1ci s neziskovou organiz\u00e1ciou Imobilio.<\/p>\n<\/div><\/div><\/div><\/div><\/div><\/div>\n\n\n\n<div class=\"wp-block-cp-timeline-content-timeline-child swiper-slide\"><div class=\"timeline-content icon-true \"><div class=\"timeline-block-timeline ctl-row  position-right\"><div class=\"ctl-6 timeline-block-time\"><div class=\"story-time\"><p>2022<\/p><\/div><\/div><div class=\"timeline-block-icon\"><span class=\"timeline-block-render-icon\" style=\"fill:white\"><div class=\"iconpicker-item\" style=\"font-size:24px;color:white;padding:2px\"><svg stroke=\"currentColor\" fill=\"currentColor\" stroke-width=\"0\" viewBox=\"0 0 384 512\" height=\"1em\" width=\"1em\" xmlns=\"http:\/\/www.w3.org\/2000\/svg\"><path d=\"M202.021 0C122.202 0 70.503 32.703 29.914 91.026c-7.363 10.58-5.093 25.086 5.178 32.874l43.138 32.709c10.373 7.865 25.132 6.026 33.253-4.148 25.049-31.381 43.63-49.449 82.757-49.449 30.764 0 68.816 19.799 68.816 49.631 0 22.552-18.617 34.134-48.993 51.164-35.423 19.86-82.299 44.576-82.299 106.405V320c0 13.255 10.745 24 24 24h72.471c13.255 0 24-10.745 24-24v-5.773c0-42.86 125.268-44.645 125.268-160.627C377.504 66.256 286.902 0 202.021 0zM192 373.459c-38.196 0-69.271 31.075-69.271 69.271 0 38.195 31.075 69.27 69.271 69.27s69.271-31.075 69.271-69.271-31.075-69.27-69.271-69.27z\"><\/path><\/svg><\/div><\/span><\/div><div class=\"ctl-6 timeline-block-detail\"><div class=\"story-details\"><div class=\"story-content\">\n<figure class=\"wp-block-image ctlb-block-image\"><img decoding=\"async\" src=\"https:\/\/adrianavancova.eu\/wp-content\/uploads\/Group-1-4-300x162.png\" alt=\"\" style=\"aspect-ratio:4\/3;object-fit:contain\"\/><\/figure>\n\n\n\n<h3 class=\"wp-block-heading ctlb-block-title\" style=\"padding-top:0px;padding-right:0px;padding-bottom:0px;padding-left:0px\"><a href=\"https:\/\/adrianavancova.eu\/?p=1673\">Spolupr\u00e1ca so vzdel\u00e1vac\u00edm port\u00e1lom Rozv\u00edjamSa.Online<\/a><\/h3>\n\n\n\n<p class=\"ctlb-block-desc\" style=\"padding-top:0px;padding-right:0px;padding-bottom:0px;padding-left:0px\">Pom\u00e1ham na\u0161tartova\u0165 nov\u00fd projekt v t\u00edme s \u010fal\u0161\u00edmi nad\u0161encami vzdel\u00e1vania.<\/p>\n<\/div><\/div><\/div><\/div><\/div><\/div>\n\n\n\n<div class=\"wp-block-cp-timeline-content-timeline-child swiper-slide\"><div class=\"timeline-content icon-true \"><div class=\"timeline-block-timeline ctl-row  position-left\"><div class=\"ctl-6 timeline-block-time\"><div class=\"story-time\"><p>2022<\/p><\/div><\/div><div class=\"timeline-block-icon\"><span class=\"timeline-block-render-icon\" style=\"fill:white\"><div class=\"iconpicker-item\" style=\"font-size:24px;color:white;padding:2px\"><svg stroke=\"currentColor\" fill=\"currentColor\" stroke-width=\"0\" viewBox=\"0 0 384 512\" height=\"1em\" width=\"1em\" xmlns=\"http:\/\/www.w3.org\/2000\/svg\"><path d=\"M202.021 0C122.202 0 70.503 32.703 29.914 91.026c-7.363 10.58-5.093 25.086 5.178 32.874l43.138 32.709c10.373 7.865 25.132 6.026 33.253-4.148 25.049-31.381 43.63-49.449 82.757-49.449 30.764 0 68.816 19.799 68.816 49.631 0 22.552-18.617 34.134-48.993 51.164-35.423 19.86-82.299 44.576-82.299 106.405V320c0 13.255 10.745 24 24 24h72.471c13.255 0 24-10.745 24-24v-5.773c0-42.86 125.268-44.645 125.268-160.627C377.504 66.256 286.902 0 202.021 0zM192 373.459c-38.196 0-69.271 31.075-69.271 69.271 0 38.195 31.075 69.27 69.271 69.27s69.271-31.075 69.271-69.271-31.075-69.27-69.271-69.27z\"><\/path><\/svg><\/div><\/span><\/div><div class=\"ctl-6 timeline-block-detail\"><div class=\"story-details\"><div class=\"story-content\">\n<figure class=\"wp-block-image ctlb-block-image\"><img decoding=\"async\" src=\"https:\/\/adrianavancova.eu\/wp-content\/uploads\/Snimka-obrazovky-2022-09-19-160753.png\" alt=\"\" style=\"aspect-ratio:4\/3;object-fit:contain\"\/><\/figure>\n\n\n\n<h3 class=\"wp-block-heading ctlb-block-title\" style=\"padding-top:0px;padding-right:0px;padding-bottom:0px;padding-left:0px\"><a href=\"https:\/\/adrianavancova.eu\/?p=1691\">Nov\u00fd dizajn str\u00e1nky pre dobrovo\u013en\u00edcku organiz\u00e1ciu Ulita o.z.<\/a><\/h3>\n\n\n\n<p class=\"ctlb-block-desc\" style=\"padding-top:0px;padding-right:0px;padding-bottom:0px;padding-left:0px\">Rozhodla som sa pom\u00f4c\u0165 tejto organiz\u00e1cii zmodernizova\u0165 ich webstr\u00e1nku, aby bola funk\u010dn\u00e1, preh\u013eadn\u00e1 a reprezentat\u00edvna.<\/p>\n<\/div><\/div><\/div><\/div><\/div><\/div>\n\n\n\n<div class=\"wp-block-cp-timeline-content-timeline-child swiper-slide\"><div class=\"timeline-content icon-true \"><div class=\"timeline-block-timeline ctl-row  position-right\"><div class=\"ctl-6 timeline-block-time\"><div class=\"story-time\"><p>2022<\/p><\/div><\/div><div class=\"timeline-block-icon\"><span class=\"timeline-block-render-icon\" style=\"fill:white\"><div class=\"iconpicker-item\" style=\"font-size:24px;color:white;padding:2px\"><svg stroke=\"currentColor\" fill=\"currentColor\" stroke-width=\"0\" viewBox=\"0 0 384 512\" height=\"1em\" width=\"1em\" xmlns=\"http:\/\/www.w3.org\/2000\/svg\"><path d=\"M202.021 0C122.202 0 70.503 32.703 29.914 91.026c-7.363 10.58-5.093 25.086 5.178 32.874l43.138 32.709c10.373 7.865 25.132 6.026 33.253-4.148 25.049-31.381 43.63-49.449 82.757-49.449 30.764 0 68.816 19.799 68.816 49.631 0 22.552-18.617 34.134-48.993 51.164-35.423 19.86-82.299 44.576-82.299 106.405V320c0 13.255 10.745 24 24 24h72.471c13.255 0 24-10.745 24-24v-5.773c0-42.86 125.268-44.645 125.268-160.627C377.504 66.256 286.902 0 202.021 0zM192 373.459c-38.196 0-69.271 31.075-69.271 69.271 0 38.195 31.075 69.27 69.271 69.27s69.271-31.075 69.271-69.271-31.075-69.27-69.271-69.27z\"><\/path><\/svg><\/div><\/span><\/div><div class=\"ctl-6 timeline-block-detail\"><div class=\"story-details\"><div class=\"story-content\">\n<figure class=\"wp-block-image ctlb-block-image\"><img decoding=\"async\" src=\"https:\/\/adrianavancova.eu\/wp-content\/uploads\/Knauf-\u2013-1-2.jpg\" alt=\"\" style=\"aspect-ratio:4\/3;object-fit:contain\"\/><\/figure>\n\n\n\n<h3 class=\"wp-block-heading ctlb-block-title\" style=\"padding-top:0px;padding-right:0px;padding-bottom:0px;padding-left:0px\"><a href=\"https:\/\/adrianavancova.eu\/?p=1250\">Night of Chances CHALLENGE<\/a> (case study)<\/h3>\n\n\n\n<p class=\"ctlb-block-desc\" style=\"padding-top:0px;padding-right:0px;padding-bottom:0px;padding-left:0px\">Prihl\u00e1sila som sa do s\u00fa\u0165a\u017ee projektov pre Knauf Insulation a vyhrala som prv\u00e9 kolo.<\/p>\n<\/div><\/div><\/div><\/div><\/div><\/div>\n\n\n\n<div class=\"wp-block-cp-timeline-content-timeline-child swiper-slide\"><div class=\"timeline-content icon-true \"><div class=\"timeline-block-timeline ctl-row  position-left\"><div class=\"ctl-6 timeline-block-time\"><div class=\"story-time\"><p>2022<\/p><\/div><\/div><div class=\"timeline-block-icon\"><span class=\"timeline-block-render-icon\" style=\"fill:white\"><div class=\"iconpicker-item\" style=\"font-size:24px;color:white;padding:2px\"><svg stroke=\"currentColor\" fill=\"currentColor\" stroke-width=\"0\" viewBox=\"0 0 384 512\" height=\"1em\" width=\"1em\" xmlns=\"http:\/\/www.w3.org\/2000\/svg\"><path d=\"M202.021 0C122.202 0 70.503 32.703 29.914 91.026c-7.363 10.58-5.093 25.086 5.178 32.874l43.138 32.709c10.373 7.865 25.132 6.026 33.253-4.148 25.049-31.381 43.63-49.449 82.757-49.449 30.764 0 68.816 19.799 68.816 49.631 0 22.552-18.617 34.134-48.993 51.164-35.423 19.86-82.299 44.576-82.299 106.405V320c0 13.255 10.745 24 24 24h72.471c13.255 0 24-10.745 24-24v-5.773c0-42.86 125.268-44.645 125.268-160.627C377.504 66.256 286.902 0 202.021 0zM192 373.459c-38.196 0-69.271 31.075-69.271 69.271 0 38.195 31.075 69.27 69.271 69.27s69.271-31.075 69.271-69.271-31.075-69.27-69.271-69.27z\"><\/path><\/svg><\/div><\/span><\/div><div class=\"ctl-6 timeline-block-detail\"><div class=\"story-details\"><div class=\"story-content\">\n<figure class=\"wp-block-image ctlb-block-image\"><img decoding=\"async\" src=\"https:\/\/adrianavancova.eu\/wp-content\/uploads\/Snimka-obrazovky-2022-12-15-211956-300x181.png\" alt=\"\" style=\"aspect-ratio:4\/3;object-fit:contain\"\/><\/figure>\n\n\n\n<h3 class=\"wp-block-heading ctlb-block-title\" style=\"padding-top:0px;padding-right:0px;padding-bottom:0px;padding-left:0px\"><a href=\"https:\/\/adrianavancova.eu\/?p=1777\">Cross-platform tool to help kids learn about emotions and empathy<\/a><\/h3>\n\n\n\n<p class=\"ctlb-block-desc\" style=\"padding-top:0px;padding-right:0px;padding-bottom:0px;padding-left:0px\">Projekt pre z\u00edskanie certifik\u00e1tu UX Design\u00e9rky.<\/p>\n<\/div><\/div><\/div><\/div><\/div><\/div>\n\n\n\n<div class=\"wp-block-cp-timeline-content-timeline-child swiper-slide\"><div class=\"timeline-content icon-true \"><div class=\"timeline-block-timeline ctl-row  position-right\"><div class=\"ctl-6 timeline-block-time\"><div class=\"story-time\"><p>2022<\/p><\/div><\/div><div class=\"timeline-block-icon\"><span class=\"timeline-block-render-icon\" style=\"fill:white\"><div class=\"iconpicker-item\" style=\"font-size:24px;color:white;padding:2px\"><svg stroke=\"currentColor\" fill=\"currentColor\" stroke-width=\"0\" viewBox=\"0 0 384 512\" height=\"1em\" width=\"1em\" xmlns=\"http:\/\/www.w3.org\/2000\/svg\"><path d=\"M202.021 0C122.202 0 70.503 32.703 29.914 91.026c-7.363 10.58-5.093 25.086 5.178 32.874l43.138 32.709c10.373 7.865 25.132 6.026 33.253-4.148 25.049-31.381 43.63-49.449 82.757-49.449 30.764 0 68.816 19.799 68.816 49.631 0 22.552-18.617 34.134-48.993 51.164-35.423 19.86-82.299 44.576-82.299 106.405V320c0 13.255 10.745 24 24 24h72.471c13.255 0 24-10.745 24-24v-5.773c0-42.86 125.268-44.645 125.268-160.627C377.504 66.256 286.902 0 202.021 0zM192 373.459c-38.196 0-69.271 31.075-69.271 69.271 0 38.195 31.075 69.27 69.271 69.27s69.271-31.075 69.271-69.271-31.075-69.27-69.271-69.27z\"><\/path><\/svg><\/div><\/span><\/div><div class=\"ctl-6 timeline-block-detail\"><div class=\"story-details\"><div class=\"story-content\">\n<figure class=\"wp-block-image ctlb-block-image\"><img decoding=\"async\" src=\"https:\/\/adrianavancova.eu\/wp-content\/uploads\/Desktop-3-min-1-300x213.png\" alt=\"\" style=\"aspect-ratio:4\/3;object-fit:contain\"\/><\/figure>\n\n\n\n<h3 class=\"wp-block-heading ctlb-block-title\" style=\"padding-top:0px;padding-right:0px;padding-bottom:0px;padding-left:0px\"><a href=\"https:\/\/adrianavancova.eu\/?p=1781\">Responsive website for finding and viewing cooking tutorials<\/a><\/h3>\n\n\n\n<p class=\"ctlb-block-desc\" style=\"padding-top:0px;padding-right:0px;padding-bottom:0px;padding-left:0px\">Projekt v r\u00e1mci kurzu Google UX Design.<\/p>\n<\/div><\/div><\/div><\/div><\/div><\/div>\n<\/div><\/div><\/div><\/div>\n<\/div>\n<\/div>\n<\/div>\n<\/div>\n","protected":false},"excerpt":{"rendered":"","protected":false},"author":1,"featured_media":0,"parent":0,"menu_order":0,"comment_status":"closed","ping_status":"closed","template":"","meta":{"footnotes":""},"class_list":["post-1636","page","type-page","status-publish","hentry"],"_links":{"self":[{"href":"https:\/\/adrianavancova.eu\/index.php?rest_route=\/wp\/v2\/pages\/1636","targetHints":{"allow":["GET"]}}],"collection":[{"href":"https:\/\/adrianavancova.eu\/index.php?rest_route=\/wp\/v2\/pages"}],"about":[{"href":"https:\/\/adrianavancova.eu\/index.php?rest_route=\/wp\/v2\/types\/page"}],"author":[{"embeddable":true,"href":"https:\/\/adrianavancova.eu\/index.php?rest_route=\/wp\/v2\/users\/1"}],"replies":[{"embeddable":true,"href":"https:\/\/adrianavancova.eu\/index.php?rest_route=%2Fwp%2Fv2%2Fcomments&post=1636"}],"version-history":[{"count":44,"href":"https:\/\/adrianavancova.eu\/index.php?rest_route=\/wp\/v2\/pages\/1636\/revisions"}],"predecessor-version":[{"id":1976,"href":"https:\/\/adrianavancova.eu\/index.php?rest_route=\/wp\/v2\/pages\/1636\/revisions\/1976"}],"wp:attachment":[{"href":"https:\/\/adrianavancova.eu\/index.php?rest_route=%2Fwp%2Fv2%2Fmedia&parent=1636"}],"curies":[{"name":"wp","href":"https:\/\/api.w.org\/{rel}","templated":true}]}}